{"id":1380,"date":"2025-08-07T12:53:03","date_gmt":"2025-08-07T12:53:03","guid":{"rendered":"https:\/\/toldosduran.es\/nosaltres\/"},"modified":"2026-03-28T12:53:38","modified_gmt":"2026-03-28T12:53:38","slug":"nosaltres","status":"publish","type":"page","link":"https:\/\/toldosduran.es\/ca\/nosaltres\/","title":{"rendered":"Nosaltres"},"content":{"rendered":"\t\t<div data-elementor-type=\"wp-page\" data-elementor-id=\"1380\" class=\"elementor elementor-1380 elementor-27\" data-elementor-post-type=\"page\">\n\t\t\t\t<div class=\"elementor-element elementor-element-d78ba15 e-flex e-con-boxed e-con e-parent\" data-id=\"d78ba15\" data-element_type=\"container\" data-e-type=\"container\" data-settings=\"{&quot;background_background&quot;:&quot;classic&quot;}\">\n\t\t\t\t\t<div class=\"e-con-inner\">\n\t\t\t\t<div class=\"elementor-element elementor-element-6a63edb elementor-widget elementor-widget-heading\" data-id=\"6a63edb\" data-element_type=\"widget\" data-e-type=\"widget\" data-widget_type=\"heading.default\">\n\t\t\t\t\t<h1 class=\"elementor-heading-title elementor-size-default\">Sobre Nosaltres<\/h1>\t\t\t\t<\/div>\n\t\t\t\t\t<\/div>\n\t\t\t\t<\/div>\n\t\t<div class=\"elementor-element elementor-element-06f27b4 e-flex e-con-boxed e-con e-parent\" data-id=\"06f27b4\" data-element_type=\"container\" data-e-type=\"container\">\n\t\t\t\t\t<div class=\"e-con-inner\">\n\t\t<div class=\"elementor-element elementor-element-d88f43f e-con-full e-flex e-con e-child\" data-id=\"d88f43f\" data-element_type=\"container\" data-e-type=\"container\">\n\t\t\t\t<div class=\"elementor-element elementor-element-e052e0b elementor-widget elementor-widget-heading\" data-id=\"e052e0b\" data-element_type=\"widget\" data-e-type=\"widget\" data-widget_type=\"heading.default\">\n\t\t\t\t\t<h2 class=\"elementor-heading-title elementor-size-default\">Toldos Duran<\/h2>\t\t\t\t<\/div>\n\t\t\t\t<div class=\"elementor-element elementor-element-a5cf674 elementor-widget elementor-widget-text-editor\" data-id=\"a5cf674\" data-element_type=\"widget\" data-e-type=\"widget\" data-widget_type=\"text-editor.default\">\n\t\t\t\t\t\t\t\t\t<p>A <strong>Toldos Dur\u00e1n<\/strong> no nom\u00e9s instal\u00b7lem tendals i p\u00e8rgoles: creem espais per gaudir. Des dels nostres inicis, hem treballat amb un objectiu clar: oferir solucions personalitzades que combinin disseny, resist\u00e8ncia i funcionalitat.<\/p><p>Amb m\u00e9s de 41<strong> anys<\/strong> d&#8217;experi\u00e8ncia, hem crescut gr\u00e0cies a la confian\u00e7a dels nostres clients i al treball constant d&#8217;un equip que cuida cada detall, des de la fabricaci\u00f3 fins a la instal\u00b7laci\u00f3 final.<\/p><ul><li><strong>Qualitat garantida<\/strong>: fem servir materials de primera i tecnologia d&#8217;\u00faltima generaci\u00f3.<\/li><li><strong>Comprom\u00eds<\/strong>: complim terminis i pressupostos sense sorpreses.<\/li><li><strong>Atenci\u00f3 personalitzada<\/strong>: cada projecte \u00e9s \u00fanic, com cada client.<\/li><li><strong>Professionalitat<\/strong>: instal\u00b7ladors experts, t\u00e8cnics qualificats i un servei postvenda que respon.<\/li><\/ul>\t\t\t\t\t\t\t\t<\/div>\n\t\t\t\t<\/div>\n\t\t<div class=\"elementor-element elementor-element-6e939da e-con-full e-flex e-con e-child\" data-id=\"6e939da\" data-element_type=\"container\" data-e-type=\"container\">\n\t\t<div class=\"elementor-element elementor-element-1665bdb e-con-full e-flex e-con e-child\" data-id=\"1665bdb\" data-element_type=\"container\" data-e-type=\"container\" data-settings=\"{&quot;background_background&quot;:&quot;classic&quot;}\">\n\t\t\t\t<\/div>\n\t\t<div class=\"elementor-element elementor-element-78d8f51 e-con-full e-flex e-con e-child\" data-id=\"78d8f51\" data-element_type=\"container\" data-e-type=\"container\">\n\t\t<div class=\"elementor-element elementor-element-31d5ac5 e-con-full e-flex e-con e-child\" data-id=\"31d5ac5\" data-element_type=\"container\" data-e-type=\"container\" data-settings=\"{&quot;background_background&quot;:&quot;classic&quot;}\">\n\t\t\t\t<\/div>\n\t\t<div class=\"elementor-element elementor-element-dfe6cb1 e-con-full e-flex e-con e-child\" data-id=\"dfe6cb1\" data-element_type=\"container\" data-e-type=\"container\" data-settings=\"{&quot;background_background&quot;:&quot;classic&quot;}\">\n\t\t\t\t<\/div>\n\t\t\t\t<\/div>\n\t\t\t\t<\/div>\n\t\t\t\t\t<\/div>\n\t\t\t\t<\/div>\n\t\t<div class=\"elementor-element elementor-element-e2c0e03 e-flex e-con-boxed e-con e-parent\" data-id=\"e2c0e03\" data-element_type=\"container\" data-e-type=\"container\">\n\t\t\t\t\t<div class=\"e-con-inner\">\n\t\t<div class=\"elementor-element elementor-element-c1c5bbb e-con-full e-flex e-con e-child\" data-id=\"c1c5bbb\" data-element_type=\"container\" data-e-type=\"container\">\n\t\t\t\t<div class=\"elementor-element elementor-element-7587e3d elementor-widget__width-initial elementor-widget elementor-widget-image\" data-id=\"7587e3d\" data-element_type=\"widget\" data-e-type=\"widget\" data-widget_type=\"image.default\">\n\t\t\t\t\t\t\t\t\t\t\t\t\t\t\t<img fetchpriority=\"high\" decoding=\"async\" width=\"800\" height=\"655\" src=\"https:\/\/toldosduran.es\/wp-content\/uploads\/2025\/10\/1989-1024x838.jpg\" class=\"attachment-large size-large wp-image-1387\" alt=\"\" srcset=\"https:\/\/toldosduran.es\/wp-content\/uploads\/2025\/10\/1989-1024x838.jpg 1024w, https:\/\/toldosduran.es\/wp-content\/uploads\/2025\/10\/1989-300x246.jpg 300w, https:\/\/toldosduran.es\/wp-content\/uploads\/2025\/10\/1989-768x629.jpg 768w, https:\/\/toldosduran.es\/wp-content\/uploads\/2025\/10\/1989-1536x1257.jpg 1536w, https:\/\/toldosduran.es\/wp-content\/uploads\/2025\/10\/1989.jpg 1571w\" sizes=\"(max-width: 800px) 100vw, 800px\" \/>\t\t\t\t\t\t\t\t\t\t\t\t\t\t\t<\/div>\n\t\t\t\t<div class=\"elementor-element elementor-element-de865f0 elementor-widget__width-initial elementor-widget elementor-widget-image\" data-id=\"de865f0\" data-element_type=\"widget\" data-e-type=\"widget\" data-widget_type=\"image.default\">\n\t\t\t\t\t\t\t\t\t\t\t\t\t\t\t<img decoding=\"async\" width=\"377\" height=\"252\" src=\"https:\/\/toldosduran.es\/wp-content\/uploads\/2025\/10\/tdlogo2.png\" class=\"attachment-large size-large wp-image-1384\" alt=\"\" srcset=\"https:\/\/toldosduran.es\/wp-content\/uploads\/2025\/10\/tdlogo2.png 377w, https:\/\/toldosduran.es\/wp-content\/uploads\/2025\/10\/tdlogo2-300x201.png 300w\" sizes=\"(max-width: 377px) 100vw, 377px\" \/>\t\t\t\t\t\t\t\t\t\t\t\t\t\t\t<\/div>\n\t\t\t\t<div class=\"elementor-element elementor-element-80bfb1a elementor-widget__width-initial e-transform elementor-widget elementor-widget-image\" data-id=\"80bfb1a\" data-element_type=\"widget\" data-e-type=\"widget\" data-settings=\"{&quot;_transform_rotateZ_effect&quot;:{&quot;unit&quot;:&quot;px&quot;,&quot;size&quot;:3,&quot;sizes&quot;:[]},&quot;_transform_rotateZ_effect_tablet&quot;:{&quot;unit&quot;:&quot;deg&quot;,&quot;size&quot;:&quot;&quot;,&quot;sizes&quot;:[]},&quot;_transform_rotateZ_effect_mobile&quot;:{&quot;unit&quot;:&quot;deg&quot;,&quot;size&quot;:&quot;&quot;,&quot;sizes&quot;:[]}}\" data-widget_type=\"image.default\">\n\t\t\t\t\t\t\t\t\t\t\t\t\t\t\t<img decoding=\"async\" width=\"438\" height=\"289\" src=\"https:\/\/toldosduran.es\/wp-content\/uploads\/2025\/10\/tdlogo4.png\" class=\"attachment-large size-large wp-image-1386\" alt=\"\" srcset=\"https:\/\/toldosduran.es\/wp-content\/uploads\/2025\/10\/tdlogo4.png 438w, https:\/\/toldosduran.es\/wp-content\/uploads\/2025\/10\/tdlogo4-300x198.png 300w\" sizes=\"(max-width: 438px) 100vw, 438px\" \/>\t\t\t\t\t\t\t\t\t\t\t\t\t\t\t<\/div>\n\t\t\t\t<div class=\"elementor-element elementor-element-b29497e elementor-widget__width-initial elementor-widget elementor-widget-image\" data-id=\"b29497e\" data-element_type=\"widget\" data-e-type=\"widget\" data-widget_type=\"image.default\">\n\t\t\t\t\t\t\t\t\t\t\t\t\t\t\t<img loading=\"lazy\" decoding=\"async\" width=\"403\" height=\"268\" src=\"https:\/\/toldosduran.es\/wp-content\/uploads\/2025\/10\/tdlogo3.png\" class=\"attachment-large size-large wp-image-1385\" alt=\"\" srcset=\"https:\/\/toldosduran.es\/wp-content\/uploads\/2025\/10\/tdlogo3.png 403w, https:\/\/toldosduran.es\/wp-content\/uploads\/2025\/10\/tdlogo3-300x200.png 300w\" sizes=\"(max-width: 403px) 100vw, 403px\" \/>\t\t\t\t\t\t\t\t\t\t\t\t\t\t\t<\/div>\n\t\t\t\t<\/div>\n\t\t\t\t\t<\/div>\n\t\t\t\t<\/div>\n\t\t<div class=\"elementor-element elementor-element-c9fcce3 elementor-hidden-desktop elementor-hidden-tablet elementor-hidden-mobile e-flex e-con-boxed e-con e-parent\" data-id=\"c9fcce3\" data-element_type=\"container\" data-e-type=\"container\">\n\t\t\t\t\t<div class=\"e-con-inner\">\n\t\t<div class=\"elementor-element elementor-element-28dd519 e-con-full e-flex e-con e-child\" data-id=\"28dd519\" data-element_type=\"container\" data-e-type=\"container\">\n\t\t\t\t<div class=\"elementor-element elementor-element-a776ac8 elementor-widget elementor-widget-heading\" data-id=\"a776ac8\" data-element_type=\"widget\" data-e-type=\"widget\" data-widget_type=\"heading.default\">\n\t\t\t\t\t<h2 class=\"elementor-heading-title elementor-size-default\">El nostre equip<\/h2>\t\t\t\t<\/div>\n\t\t\t\t<div class=\"elementor-element elementor-element-60afcc4 elementor-widget elementor-widget-text-editor\" data-id=\"60afcc4\" data-element_type=\"widget\" data-e-type=\"widget\" data-widget_type=\"text-editor.default\">\n\t\t\t\t\t\t\t\t\t<p>Un grup d&#8217;especialistes que combina la precisi\u00f3 t\u00e8cnica amb la passi\u00f3 per la feina ben feta. Ens encanta el que fem, i aix\u00f2 es nota en cada instal\u00b7laci\u00f3.<\/p>\t\t\t\t\t\t\t\t<\/div>\n\t\t\t\t<div class=\"elementor-element elementor-element-4f8c215 elementor-widget elementor-widget-image\" data-id=\"4f8c215\" data-element_type=\"widget\" data-e-type=\"widget\" data-widget_type=\"image.default\">\n\t\t\t\t\t\t\t\t\t\t\t\t\t\t\t<img decoding=\"async\" src=\"https:\/\/toldosduran.es\/wp-content\/plugins\/elementor\/assets\/images\/placeholder.png\" title=\"\" alt=\"\" loading=\"lazy\" \/>\t\t\t\t\t\t\t\t\t\t\t\t\t\t\t<\/div>\n\t\t<div class=\"elementor-element elementor-element-4112dea e-con-full e-flex e-con e-child\" data-id=\"4112dea\" data-element_type=\"container\" data-e-type=\"container\">\n\t\t\t\t<div class=\"elementor-element elementor-element-649e977 elementor-align-left elementor-widget elementor-widget-button\" data-id=\"649e977\" data-element_type=\"widget\" data-e-type=\"widget\" data-widget_type=\"button.default\">\n\t\t\t\t\t\t\t\t\t\t<a class=\"elementor-button elementor-button-link elementor-size-sm\" href=\"#\">\n\t\t\t\t\t\t<span class=\"elementor-button-content-wrapper\">\n\t\t\t\t\t\t\t\t\t<span class=\"elementor-button-text\">Coneix els nostres treballs<\/span>\n\t\t\t\t\t<\/span>\n\t\t\t\t\t<\/a>\n\t\t\t\t\t\t\t\t<\/div>\n\t\t\t\t<div class=\"elementor-element elementor-element-f2921f3 elementor-align-left elementor-widget elementor-widget-button\" data-id=\"f2921f3\" data-element_type=\"widget\" data-e-type=\"widget\" data-widget_type=\"button.default\">\n\t\t\t\t\t\t\t\t\t\t<a class=\"elementor-button elementor-button-link elementor-size-sm\" href=\"#\">\n\t\t\t\t\t\t<span class=\"elementor-button-content-wrapper\">\n\t\t\t\t\t\t\t\t\t<span class=\"elementor-button-text\">Demana pressupost gratu\u00eft<\/span>\n\t\t\t\t\t<\/span>\n\t\t\t\t\t<\/a>\n\t\t\t\t\t\t\t\t<\/div>\n\t\t\t\t<\/div>\n\t\t\t\t<\/div>\n\t\t<div class=\"elementor-element elementor-element-1881913 e-con-full e-flex e-con e-child\" data-id=\"1881913\" data-element_type=\"container\" data-e-type=\"container\">\n\t\t\t\t<\/div>\n\t\t\t\t\t<\/div>\n\t\t\t\t<\/div>\n\t\t\t\t<\/div>\n\t\t","protected":false},"excerpt":{"rendered":"<p>Sobre Nosaltres Toldos Duran A Toldos Dur\u00e1n no nom\u00e9s instal\u00b7lem tendals i p\u00e8rgoles: creem espais per gaudir. Des dels nostres inicis, hem treballat amb un objectiu clar: oferir solucions personalitzades que combinin disseny, resist\u00e8ncia i funcionalitat. Amb m\u00e9s de 41 anys d&#8217;experi\u00e8ncia, hem crescut gr\u00e0cies a la confian\u00e7a dels nostres clients i al treball constant [&hellip;]<\/p>\n","protected":false},"author":1,"featured_media":0,"parent":0,"menu_order":0,"comment_status":"closed","ping_status":"closed","template":"elementor_header_footer","meta":{"_joinchat":[],"footnotes":""},"class_list":["post-1380","page","type-page","status-publish","hentry"],"_links":{"self":[{"href":"https:\/\/toldosduran.es\/ca\/wp-json\/wp\/v2\/pages\/1380","targetHints":{"allow":["GET"]}}],"collection":[{"href":"https:\/\/toldosduran.es\/ca\/wp-json\/wp\/v2\/pages"}],"about":[{"href":"https:\/\/toldosduran.es\/ca\/wp-json\/wp\/v2\/types\/page"}],"author":[{"embeddable":true,"href":"https:\/\/toldosduran.es\/ca\/wp-json\/wp\/v2\/users\/1"}],"replies":[{"embeddable":true,"href":"https:\/\/toldosduran.es\/ca\/wp-json\/wp\/v2\/comments?post=1380"}],"version-history":[{"count":1,"href":"https:\/\/toldosduran.es\/ca\/wp-json\/wp\/v2\/pages\/1380\/revisions"}],"predecessor-version":[{"id":1388,"href":"https:\/\/toldosduran.es\/ca\/wp-json\/wp\/v2\/pages\/1380\/revisions\/1388"}],"wp:attachment":[{"href":"https:\/\/toldosduran.es\/ca\/wp-json\/wp\/v2\/media?parent=1380"}],"curies":[{"name":"wp","href":"https:\/\/api.w.org\/{rel}","templated":true}]}}