{"id":1349,"date":"2025-08-17T14:30:47","date_gmt":"2025-08-17T14:30:47","guid":{"rendered":"https:\/\/toldosduran.es\/avis-legal\/"},"modified":"2026-03-28T12:53:04","modified_gmt":"2026-03-28T12:53:04","slug":"avis-legal","status":"publish","type":"page","link":"https:\/\/toldosduran.es\/ca\/avis-legal\/","title":{"rendered":"Av\u00eds Legal"},"content":{"rendered":"\t\t<div data-elementor-type=\"wp-page\" data-elementor-id=\"1349\" class=\"elementor elementor-1349 elementor-442\" data-elementor-post-type=\"page\">\n\t\t\t\t<div class=\"elementor-element elementor-element-781c428 e-flex e-con-boxed e-con e-parent\" data-id=\"781c428\" data-element_type=\"container\" data-e-type=\"container\" data-settings=\"{&quot;background_background&quot;:&quot;classic&quot;}\">\n\t\t\t\t\t<div class=\"e-con-inner\">\n\t\t\t\t<div class=\"elementor-element elementor-element-cd2dd67 elementor-widget elementor-widget-heading\" data-id=\"cd2dd67\" data-element_type=\"widget\" data-e-type=\"widget\" data-widget_type=\"heading.default\">\n\t\t\t\t\t<h1 class=\"elementor-heading-title elementor-size-default\">Av\u00eds Legal<\/h1>\t\t\t\t<\/div>\n\t\t\t\t\t<\/div>\n\t\t\t\t<\/div>\n\t\t<div class=\"elementor-element elementor-element-68fcebb e-flex e-con-boxed e-con e-parent\" data-id=\"68fcebb\" data-element_type=\"container\" data-e-type=\"container\">\n\t\t\t\t\t<div class=\"e-con-inner\">\n\t\t\t\t<div class=\"elementor-element elementor-element-cb815ad elementor-widget elementor-widget-text-editor\" data-id=\"cb815ad\" data-element_type=\"widget\" data-e-type=\"widget\" data-widget_type=\"text-editor.default\">\n\t\t\t\t\t\t\t\t\t<p><strong>IDENTIFICACI\u00d3 DEL TITULAR<\/strong><\/p><p><strong>TOLDOS DURAN, S.L <\/strong>amb domicili social situat a <strong>C\/ de la Mare de D\u00e9u de Port, 260, 08038 &#8211; BARCELONA <\/strong>i el CIF del qual \u00e9s <strong>B66203613<\/strong>.<\/p><p><strong>CONDICIONS D&#8217;\u00daS<\/strong><\/p><p>Mitjan\u00e7ant el web <strong>www.toldosduran.es<\/strong> es facilita l&#8217;acc\u00e9s al Portal web per oferir als Usuaris l&#8217;acc\u00e9s general a la informaci\u00f3, activitats, productes i serveis que l&#8217;esmentada entitat ofereix. El fet de connectar-se a aquesta p\u00e0gina web atribueix al navegant la condici\u00f3 d&#8217;Usuari del Lloc, la qual cosa implica l&#8217;acceptaci\u00f3 del present Av\u00eds Legal. Per aix\u00f2, <strong>TOLDOS DURAN, S.L <\/strong>recomana a l&#8217;Usuari llegir-lo cada vegada que accedeixi al Lloc web. L&#8217;Usuari es compromet a no utilitzar qualsevol dels continguts que <strong>TOLDOS DURAN, S.L <\/strong>posi a la seva disposici\u00f3 per desenvolupar activitats contr\u00e0ries a les lleis, a la moral o a l&#8217;ordre p\u00fablic i, en general, a fer un \u00fas conforme a les presents condicions; i respondr\u00e0 davant de <strong>TOLDOS DURAN, S.L <\/strong>i\/o davant de tercers, de qualssevol danys i perjudicis que poguessin causar-se com a conseq\u00fc\u00e8ncia de l&#8217;incompliment d&#8217;aquesta obligaci\u00f3. Qui utilitza aquest lloc web, ho fa sota la seva pr\u00f2pia responsabilitat. <strong>TOLDOS DURAN, S.L <\/strong>es reserva el dret a interrompre l&#8217;acc\u00e9s al seu Lloc web, a serveis i continguts del Portal, de manera temporal o definitiva, quan aix\u00ed ho estimi convenient i sense av\u00eds previ, ja sigui per motius t\u00e8cnics, de seguretat, de control, de manteniment, per fallades de subministrament el\u00e8ctric o per qualsevol altra causa. <strong>TOLDOS DURAN, S.L <\/strong>es reserva el dret a alterar, en qualsevol moment i sense av\u00eds previ, la configuraci\u00f3, presentaci\u00f3 o el disseny, del seu web, aix\u00ed com alguns o tots els continguts, i modificar les condicions d&#8217;\u00fas exposades en aquest Av\u00eds Legal.<\/p><p><strong>POL\u00cdTICA DE PRIVACITAT I PROTECCI\u00d3 DE DADES<\/strong><\/p><p>Totes les dades de car\u00e0cter personal que siguin facilitades per l&#8217;Usuari a trav\u00e9s de l&#8217;enviament d&#8217;un correu electr\u00f2nic seran tractades amb estricta confidencialitat d&#8217;acord amb la Llei Org\u00e0nica 15\/1999, de 13 de desembre, de Protecci\u00f3 de Dades de car\u00e0cter personal. De manera expressa, l&#8217;Usuari queda informat que les mateixes seran incorporades a fitxers existents a <strong>TOLDOS DURAN, S.L <\/strong>i que t\u00e9 dret d&#8217;acc\u00e9s, rectificaci\u00f3, cancel\u00b7laci\u00f3 i oposici\u00f3 del mateix, podent exercitar aquests drets enviant per escrit una sol\u00b7licitud a l&#8217;adre\u00e7a de <strong>TOLDOS DURAN, S.L <\/strong>, en la qual consti el fitxer o fitxers a consultar. Mitjan\u00e7ant l&#8217;enviament d&#8217;un missatge de correu electr\u00f2nic per part de l&#8217;Usuari, el remitent presta el seu consentiment al tractament automatitzat de les dades incloses en el mateix. Les dades que es facilitin seran utilitzades per a fins comercials, sent els seus destinataris els serveis administratius, comercials i t\u00e8cnics de <strong>TOLDOS DURAN, S.L <\/strong>adoptar\u00e0 les mesures necess\u00e0ries per evitar l&#8217;alteraci\u00f3, tractament, p\u00e8rdua o acc\u00e9s no autoritzat de les dades de car\u00e0cter personal, tenint en compte l&#8217;estat de la tecnologia, la naturalesa de les dades emmagatzemades i els riscos als quals estan exposats, per tal de complir amb la seva obligaci\u00f3 de secret i el seu deure de guarda dels mateixos. De la mateixa manera, <strong>TOLDOS DURAN, S.L <\/strong>queda autoritzada per enviar a l&#8217;Usuari informacions comercials i t\u00e8cniques dels seus productes. En el cas de comunicacions comercials i t\u00e8cniques enviades a trav\u00e9s de correu electr\u00f2nic o mitj\u00e0 equivalent, l&#8217;Usuari ens presta el seu consentiment expr\u00e9s per a l&#8217;enviament de publicitat per aquest mitj\u00e0.<\/p><p><strong>RESPONSABILITAT<\/strong><\/p><p><strong>TOLDOS DURAN, S.L <\/strong>no es responsabilitza de la mala utilitzaci\u00f3 que per part dels Usuaris d&#8217;Internet facin dels continguts de la p\u00e0gina web, sent l&#8217;Usuari l&#8217;\u00fanic responsable de les infraccions en qu\u00e8 pugui inc\u00f3rrer. De la mateixa manera, rebutja la responsabilitat sobre qualsevol informaci\u00f3 no continguda en aquestes p\u00e0gines web i, per tant, no elaborada per <strong>TOLDOS DURAN, S.L <\/strong>o no publicada amb el seu nom. <strong>TOLDOS DURAN, S.L <\/strong>no ser\u00e0 responsable en cas que existeixin interrupcions del servei, retards, errors, mal funcionament del mateix i, en general, altres inconvenients que tinguin el seu origen en causes que escapen del control de <strong>TOLDOS DURAN, S.L <\/strong>, i\/o deguda a una actuaci\u00f3 dolosa o culposa de l&#8217;Usuari i\/o tingui per origen causes de for\u00e7a major. Sense perjudici del que s&#8217;estableix a l&#8217;article 1105 del Codi Civil, s&#8217;entendran per causes de for\u00e7a major, a m\u00e9s, i als efectes d&#8217;aquestes condicions generals, tots aquells esdeveniments esdevinguts fora del control de <strong>TOLDOS DURAN, S.L <\/strong>, tals com: fallada de tercers, operadors o companyies de serveis, actes de Govern, falta d&#8217;acc\u00e9s a xarxes de tercers, actes o omissions de les autoritats p\u00fabliques, aquells altres produ\u00efts com a conseq\u00fc\u00e8ncia de fen\u00f2mens naturals, apagades, etc. i l&#8217;atac de Hackers, o tercers especialitzats, a la seguretat o integritat del sistema inform\u00e0tic, sempre que <strong>TOLDOS DURAN, S.L <\/strong>hagi adoptat totes les mesures de seguretat existents d&#8217;acord amb l&#8217;estat de la t\u00e8cnica. En qualsevol cas, sigui quina sigui la seva causa, <strong>TOLDOS DURAN, S.L <\/strong>no assumir\u00e0 responsabilitat alguna ja sigui per danys directes o indirectes, dany emergent i\/o per lucre cessant. <strong>TOLDOS DURAN, S.L <\/strong>tindr\u00e0 dret, sense que existeixi indemnitzaci\u00f3 alguna a l&#8217;Usuari per aquests conceptes, a suspendre temporalment els serveis i continguts del Lloc web per efectuar operacions de manteniment, millora o reparaci\u00f3 dels mateixos. <strong>TOLDOS DURAN, S.L <\/strong>no ser\u00e0 responsable de possibles danys i perjudicis que es puguin derivar en els equips dels Usuaris per possibles virus inform\u00e0tics contrets per l&#8217;Usuari a causa de la seva navegaci\u00f3 al Lloc web, o per qualsevol altre dany derivat d&#8217;aquesta navegaci\u00f3. <strong>TOLDOS DURAN, S.L <\/strong>no es fa responsable de la veracitat, falta d&#8217;utilitat o adequaci\u00f3 per a un \u00fas espec\u00edfic del present Lloc web ni dels continguts; de la p\u00e8rdua de dades o serveis com a conseq\u00fc\u00e8ncia de qualsevol retard, falta de lliurament, lliurament incorrecte dels productes exposats o interrupci\u00f3 del servei; de l&#8217;exactitud, qualitat o naturalesa de la informaci\u00f3 obtinguda a trav\u00e9s dels seus continguts. En qualsevol cas, la informaci\u00f3 proporcionada en aquest Lloc web est\u00e0 dirigida a complementar i no a reempla\u00e7ar l&#8217;assessorament que en tot cas s&#8217;ha d&#8217;obtenir directament de professionals competents.<\/p><p><strong>JURISDICCI\u00d3 I LLEI APLICABLE.<\/strong><\/p><p>Per a qualsevol controv\u00e8rsia relacionada amb el present av\u00eds legal les parts accepten el sotmetiment expr\u00e9s als jutjats del domicili fiscal de <strong>TOLDOS DURAN, S.L <\/strong>(Espanya) i la legislaci\u00f3 estatal i auton\u00f2mica corresponent.<\/p>\t\t\t\t\t\t\t\t<\/div>\n\t\t\t\t\t<\/div>\n\t\t\t\t<\/div>\n\t\t\t\t<\/div>\n\t\t","protected":false},"excerpt":{"rendered":"<p>Av\u00eds Legal IDENTIFICACI\u00d3 DEL TITULAR TOLDOS DURAN, S.L amb domicili social situat a C\/ de la Mare de D\u00e9u de Port, 260, 08038 &#8211; BARCELONA i el CIF del qual \u00e9s B66203613. CONDICIONS D&#8217;\u00daS Mitjan\u00e7ant el web www.toldosduran.es es facilita l&#8217;acc\u00e9s al Portal web per oferir als Usuaris l&#8217;acc\u00e9s general a la informaci\u00f3, activitats, productes [&hellip;]<\/p>\n","protected":false},"author":1,"featured_media":0,"parent":0,"menu_order":0,"comment_status":"closed","ping_status":"closed","template":"elementor_header_footer","meta":{"_joinchat":[],"footnotes":""},"class_list":["post-1349","page","type-page","status-publish","hentry"],"_links":{"self":[{"href":"https:\/\/toldosduran.es\/ca\/wp-json\/wp\/v2\/pages\/1349","targetHints":{"allow":["GET"]}}],"collection":[{"href":"https:\/\/toldosduran.es\/ca\/wp-json\/wp\/v2\/pages"}],"about":[{"href":"https:\/\/toldosduran.es\/ca\/wp-json\/wp\/v2\/types\/page"}],"author":[{"embeddable":true,"href":"https:\/\/toldosduran.es\/ca\/wp-json\/wp\/v2\/users\/1"}],"replies":[{"embeddable":true,"href":"https:\/\/toldosduran.es\/ca\/wp-json\/wp\/v2\/comments?post=1349"}],"version-history":[{"count":1,"href":"https:\/\/toldosduran.es\/ca\/wp-json\/wp\/v2\/pages\/1349\/revisions"}],"predecessor-version":[{"id":1350,"href":"https:\/\/toldosduran.es\/ca\/wp-json\/wp\/v2\/pages\/1349\/revisions\/1350"}],"wp:attachment":[{"href":"https:\/\/toldosduran.es\/ca\/wp-json\/wp\/v2\/media?parent=1349"}],"curies":[{"name":"wp","href":"https:\/\/api.w.org\/{rel}","templated":true}]}}