{"id":1313,"date":"2025-12-08T17:52:24","date_gmt":"2025-12-08T17:52:24","guid":{"rendered":"https:\/\/toldosduran.es\/politica-de-privacitat\/"},"modified":"2026-03-28T12:52:18","modified_gmt":"2026-03-28T12:52:18","slug":"politica-de-privacitat","status":"publish","type":"page","link":"https:\/\/toldosduran.es\/ca\/politica-de-privacitat\/","title":{"rendered":"Pol\u00edtica de privacitat"},"content":{"rendered":"\t\t<div data-elementor-type=\"wp-page\" data-elementor-id=\"1313\" class=\"elementor elementor-1313 elementor-1180\" data-elementor-post-type=\"page\">\n\t\t\t\t<div class=\"elementor-element elementor-element-609ae88 e-flex e-con-boxed e-con e-parent\" data-id=\"609ae88\" data-element_type=\"container\" data-e-type=\"container\" data-settings=\"{&quot;background_background&quot;:&quot;classic&quot;}\">\n\t\t\t\t\t<div class=\"e-con-inner\">\n\t\t\t\t<div class=\"elementor-element elementor-element-802ef81 elementor-widget elementor-widget-heading\" data-id=\"802ef81\" data-element_type=\"widget\" data-e-type=\"widget\" data-widget_type=\"heading.default\">\n\t\t\t\t\t<h1 class=\"elementor-heading-title elementor-size-default\">Pol\u00edtica de privacitat<\/h1>\t\t\t\t<\/div>\n\t\t\t\t\t<\/div>\n\t\t\t\t<\/div>\n\t\t<div class=\"elementor-element elementor-element-298da56 e-flex e-con-boxed e-con e-parent\" data-id=\"298da56\" data-element_type=\"container\" data-e-type=\"container\">\n\t\t\t\t\t<div class=\"e-con-inner\">\n\t\t\t\t<div class=\"elementor-element elementor-element-c0c8e13 elementor-widget elementor-widget-text-editor\" data-id=\"c0c8e13\" data-element_type=\"widget\" data-e-type=\"widget\" data-widget_type=\"text-editor.default\">\n\t\t\t\t\t\t\t\t\t<p>Segons el que estableix el RGPD (Reglament (UE) 2016\/679), et proporcionem la Informaci\u00f3 Detallada de Protecci\u00f3 de Dades que s\u2019exposa a continuaci\u00f3:<br><strong>Responsable:<\/strong><br>Ra\u00f3 social: TOLDOS DURAN, S.L.<br>C.I.F.: B-66203613<br>Adre\u00e7a: C\/ Mare de D\u00e9u de Port, 260 \u2013 08038 Barcelona<br>Tel\u00e8fon: 933-316-349<br>Correu electr\u00f2nic: datos@toldosduran.net<\/p><p><br><strong>Finalitat:<\/strong><br>T\u2019informem que les Dades de Car\u00e0cter Personal recollides s\u2019incorporaran a un Fitxer<br>sota la nostra responsabilitat, amb la finalitat de gestionar l\u2019enviament de la informaci\u00f3 que ens sol\u00b7licitis i facilitar a les persones interessades ofertes de productes i serveis del seu inter\u00e8s. Les dades proporcionades es conservaran mentre es mantingui la relaci\u00f3 comercial, durant els anys necessaris per complir amb les obligacions legals o fins que la persona interessada en sol\u00b7liciti la supressi\u00f3. <\/p><p><br><strong>Legitimaci\u00f3:<\/strong><br>Les Dades de Car\u00e0cter Personal obtingudes en aquesta P\u00e0gina Web, aix\u00ed com l\u2019oferta de productes<br>i serveis oferts, es basa en el consentiment que se sol\u00b7licita a la persona interessada.<br>La persona interessada tindr\u00e0 dret a retirar el seu consentiment en qualsevol moment. La retirada del consentiment no afectar\u00e0 la licitud del tractament basada en el consentiment previ a la seva retirada. <\/p><p><br><strong>Destinataris:<\/strong><br>No se cediran dades a tercers, excepte per obligaci\u00f3 legal.<\/p><p><br><strong>Drets:<\/strong><br>Tu, com a persona interessada directa, tens dret a obtenir confirmaci\u00f3 sobre si a TOLDOS DURAN, S.L. estem tractant dades personals que et concerneixen, o no. Tens dret<br>a accedir a les teves dades personals, aix\u00ed com a sol\u00b7licitar la rectificaci\u00f3 de les dades inexactes o, si escau, sol\u00b7licitar-ne la supressi\u00f3 quan, entre altres motius, les dades ja no siguin necess\u00e0ries per a les finalitats per a les quals es van recollir. En determinades circumst\u00e0ncies, podr\u00e0s sol\u00b7licitar la limitaci\u00f3 del tractament de les teves dades; en aquest cas, \u00fanicament les conservarem per a l\u2019exercici o la defensa de reclamacions.   <\/p><p>En determinades circumst\u00e0ncies i per motius relacionats amb la teva situaci\u00f3 particular, podr\u00e0s oposar-te al tractament de les teves dades. TOLDOS DURAN, S.L. deixar\u00e0 de tractar les dades, excepte per motius leg\u00edtims imperiosos o per a l\u2019exercici o la defensa de possibles reclamacions. <\/p><p>En determinades circumst\u00e0ncies, tindr\u00e0s dret a rebre les dades personals que et concerneixin i que ens hagis facilitat, i a transmetre-les o a sol\u00b7licitar que les proporcionem a un tercer sense cap objecci\u00f3 per part nostra (dret a la portabilitat de les dades).<br>En determinades circumst\u00e0ncies, t\u2019informem que tindr\u00e0s dret a no ser objecte d\u2019una decisi\u00f3 basada \u00fanicament en el tractament automatitzat, inclosa l\u2019elaboraci\u00f3 de perfils, que produeixi efectes jur\u00eddics sobre tu o t\u2019afecti significativament de manera similar.<\/p>\t\t\t\t\t\t\t\t<\/div>\n\t\t\t\t\t<\/div>\n\t\t\t\t<\/div>\n\t\t\t\t<\/div>\n\t\t","protected":false},"excerpt":{"rendered":"<p>Pol\u00edtica de privacitat Segons el que estableix el RGPD (Reglament (UE) 2016\/679), et proporcionem la Informaci\u00f3 Detallada de Protecci\u00f3 de Dades que s\u2019exposa a continuaci\u00f3:Responsable:Ra\u00f3 social: TOLDOS DURAN, S.L.C.I.F.: B-66203613Adre\u00e7a: C\/ Mare de D\u00e9u de Port, 260 \u2013 08038 BarcelonaTel\u00e8fon: 933-316-349Correu electr\u00f2nic: datos@toldosduran.net Finalitat:T\u2019informem que les Dades de Car\u00e0cter Personal recollides s\u2019incorporaran a un Fitxersota [&hellip;]<\/p>\n","protected":false},"author":1,"featured_media":0,"parent":0,"menu_order":0,"comment_status":"closed","ping_status":"closed","template":"elementor_header_footer","meta":{"_joinchat":[],"footnotes":""},"class_list":["post-1313","page","type-page","status-publish","hentry"],"_links":{"self":[{"href":"https:\/\/toldosduran.es\/ca\/wp-json\/wp\/v2\/pages\/1313","targetHints":{"allow":["GET"]}}],"collection":[{"href":"https:\/\/toldosduran.es\/ca\/wp-json\/wp\/v2\/pages"}],"about":[{"href":"https:\/\/toldosduran.es\/ca\/wp-json\/wp\/v2\/types\/page"}],"author":[{"embeddable":true,"href":"https:\/\/toldosduran.es\/ca\/wp-json\/wp\/v2\/users\/1"}],"replies":[{"embeddable":true,"href":"https:\/\/toldosduran.es\/ca\/wp-json\/wp\/v2\/comments?post=1313"}],"version-history":[{"count":1,"href":"https:\/\/toldosduran.es\/ca\/wp-json\/wp\/v2\/pages\/1313\/revisions"}],"predecessor-version":[{"id":1314,"href":"https:\/\/toldosduran.es\/ca\/wp-json\/wp\/v2\/pages\/1313\/revisions\/1314"}],"wp:attachment":[{"href":"https:\/\/toldosduran.es\/ca\/wp-json\/wp\/v2\/media?parent=1313"}],"curies":[{"name":"wp","href":"https:\/\/api.w.org\/{rel}","templated":true}]}}