{"id":1311,"date":"2025-08-17T14:32:00","date_gmt":"2025-08-17T14:32:00","guid":{"rendered":"https:\/\/toldosduran.es\/politica-de-cookies\/"},"modified":"2026-03-28T12:52:18","modified_gmt":"2026-03-28T12:52:18","slug":"politica-de-cookies","status":"publish","type":"page","link":"https:\/\/toldosduran.es\/ca\/politica-de-cookies\/","title":{"rendered":"Pol\u00edtica de Cookies"},"content":{"rendered":"\t\t<div data-elementor-type=\"wp-page\" data-elementor-id=\"1311\" class=\"elementor elementor-1311 elementor-448\" data-elementor-post-type=\"page\">\n\t\t\t\t<div class=\"elementor-element elementor-element-5167f11 e-flex e-con-boxed e-con e-parent\" data-id=\"5167f11\" data-element_type=\"container\" data-e-type=\"container\" data-settings=\"{&quot;background_background&quot;:&quot;classic&quot;}\">\n\t\t\t\t\t<div class=\"e-con-inner\">\n\t\t\t\t<div class=\"elementor-element elementor-element-b001234 elementor-widget elementor-widget-heading\" data-id=\"b001234\" data-element_type=\"widget\" data-e-type=\"widget\" data-widget_type=\"heading.default\">\n\t\t\t\t\t<h1 class=\"elementor-heading-title elementor-size-default\">Pol\u00edtica de Cookies\n<\/h1>\t\t\t\t<\/div>\n\t\t\t\t\t<\/div>\n\t\t\t\t<\/div>\n\t\t<div class=\"elementor-element elementor-element-2180ef4 e-flex e-con-boxed e-con e-parent\" data-id=\"2180ef4\" data-element_type=\"container\" data-e-type=\"container\">\n\t\t\t\t\t<div class=\"e-con-inner\">\n\t\t\t\t<div class=\"elementor-element elementor-element-9f43780 elementor-widget elementor-widget-text-editor\" data-id=\"9f43780\" data-element_type=\"widget\" data-e-type=\"widget\" data-widget_type=\"text-editor.default\">\n\t\t\t\t\t\t\t\t\t<p>Utilitzem Cookies pr\u00f2pies necess\u00e0ries per a la navegaci\u00f3 i el bon funcionament de la nostra p\u00e0gina web i Cookies de tercers per elaborar estad\u00edstiques del tr\u00e0nsit de la mateixa de forma an\u00f2nima <u>(+ Info<\/u>) Acceptar Cookies<\/p><h2>Pol\u00edtica de Cookies:<\/h2><p>Des de la nostra Web volem explicar-li qu\u00e8 s\u00f3n les Cookies, per a qu\u00e8 serveixen, la finalitat d&#8217;aquestes i com pot configurar-les o deshabilitar-les.<\/p><h2>Qu\u00e8 \u00e9s una Cookie?<\/h2><p>Les Cookies s\u00f3n petits arxius de dades rebuts pel terminal des del lloc web visitat i s&#8217;utilitzen per registrar certes interaccions de navegaci\u00f3 en un lloc web mitjan\u00e7ant l&#8217;emmagatzematge de dades que pot ser actualitzat i es recupera. Aquests arxius s&#8217;emmagatzemen a l&#8217;ordinador de l&#8217;usuari i contenen dades an\u00f2nimes que no s\u00f3n perjudicials per al sistema. S&#8217;utilitzen per recordar les prefer\u00e8ncies de l&#8217;usuari, com ara l&#8217;idioma seleccionat, les dades d&#8217;acc\u00e9s o la p\u00e0gina de personalitzaci\u00f3.  <\/p><p>Les Cookies s\u00f3n segures, ja que nom\u00e9s poden emmagatzemar la informaci\u00f3 que es va posar al seu lloc pel navegador, la qual cosa \u00e9s informaci\u00f3 que l&#8217;usuari ha introdu\u00eft al navegador o la que s&#8217;inclou en la sol\u00b7licitud de p\u00e0gina. No poden executar codi i no es poden utilitzar per accedir al seu ordinador. <\/p><h2>Tipus de Cookies.<\/h2><h3>En funci\u00f3 de qui les gestioni:<\/h3><p>Cookies pr\u00f2pies: s\u00f3n les enviades i gestionades per un equip o domini del propi editor de la web que s&#8217;est\u00e0 visitant.<\/p><p>Cookies de tercers: s\u00f3n les enviades i gestionades per un tercer que no \u00e9s el propi editor de la web, quan procedeixen d&#8217;un altre servidor. Com per exemple, les usades per xarxes socials, o per contingut extern com Google Maps. <\/p><h3>En funci\u00f3 de la finalitat per a la qual es tractin les dades obtingudes d&#8217;aquestes.<\/h3><p>Cookies t\u00e8cniques: permeten a l&#8217;usuari la navegaci\u00f3 a trav\u00e9s d&#8217;una p\u00e0gina web i la utilitzaci\u00f3 de les diferents opcions o serveis que hi hagi com, per exemple, controlar el tr\u00e0nsit, identificar la sessi\u00f3 de l&#8217;usuari, accedir a parts d&#8217;acc\u00e9s restringit, recordar els elements que integren una comanda, realitzar la sol\u00b7licitud d&#8217;inscripci\u00f3 o participaci\u00f3 en un esdeveniment, utilitzar elements de seguretat durant la navegaci\u00f3, emmagatzemar continguts per a la difusi\u00f3 de v\u00eddeos o so o compartir continguts a trav\u00e9s de xarxes socials.<\/p><p>Cookies de personalitzaci\u00f3: S\u00f3n aquelles que li permeten accedir al servei amb unes caracter\u00edstiques predefinides en funci\u00f3 d&#8217;una s\u00e8rie de criteris, com ara l&#8217;idioma, el tipus de navegador a trav\u00e9s del qual s&#8217;accedeix al servei, la configuraci\u00f3 regional des d&#8217;on s&#8217;accedeix al servei, etc.<\/p><p>Cookies d&#8217;an\u00e0lisi: S\u00f3n aquelles que ens permeten quantificar el nombre d&#8217;usuaris i aix\u00ed realitzar la mesura i an\u00e0lisi estad\u00edstica de la utilitzaci\u00f3 que fan els usuaris dels serveis prestats i, en base a aix\u00f2, tamb\u00e9 aplicar millores de disseny i velocitat.<\/p><p>Cookies de publicitat comportamental: s\u00f3n aquelles que emmagatzemen informaci\u00f3 del comportament dels usuaris obtinguda a trav\u00e9s de l&#8217;observaci\u00f3 continuada dels seus h\u00e0bits de navegaci\u00f3, la qual cosa permet desenvolupar un perfil espec\u00edfic per mostrar publicitat en funci\u00f3 d&#8217;aquest.<\/p><h3>En funci\u00f3 de la caducitat:<\/h3><p>Cookies de sessi\u00f3: s\u00f3n Cookies temporals que romanen a l&#8217;arxiu de Cookies del navegador fins que s&#8217;abandona la p\u00e0gina web. Se sol emprar per analitzar patrons de tr\u00e0nsit a la web. A la llarga, aix\u00f2 permet proporcionar una millor experi\u00e8ncia per millorar el contingut i facilitar-ne l&#8217;\u00fas.  <\/p><p>Cookies permanents: s\u00f3n emmagatzemades al terminal i la p\u00e0gina web les llegeix cada vegada que es realitza una nova visita. Malgrat el seu nom, una Cookie permanent posseeix una data d&#8217;expiraci\u00f3 determinada. La Cookie deixar\u00e0 de funcionar despr\u00e9s d&#8217;aquesta data que pot anar d&#8217;uns minuts a diversos anys. S&#8217;utilitzen, generalment, per facilitar els diferents serveis que ofereixen les p\u00e0gines web.   <\/p><h3>Cookies Utilitzades:<\/h3><p>Aquest portal Web utilitza Cookies que s\u00f3n estrictament indispensables per poder utilitzar el nostre lloc web i navegar lliurement, utilitzar les \u00e0rees de seguretat, opcions personalitzades, etc. No es recullen dades personals llevat que vulgui registrar-se, de forma volunt\u00e0ria amb la finalitat de realitzar compres dels productes i serveis que posem a la seva disposici\u00f3 o de rebre informaci\u00f3 sobre promocions i continguts del seu inter\u00e8s previ consentiment. <\/p><p>No se cedeixen dades a tercers, no obstant aix\u00f2 el nostre portal Web pot contenir enlla\u00e7os a llocs web de tercers, les pol\u00edtiques de privacitat dels quals s\u00f3n alienes a nosaltres. En accedir a tals llocs web vost\u00e8 pot decidir si accepta les seves pol\u00edtiques de privacitat i de Cookies. <\/p><p>Tamb\u00e9 poden contenir enlla\u00e7os a Xarxes Socials (com Facebook o Twitter). El nostre Portal Web no t\u00e9 control sobre les Cookies utilitzades per aquests llocs web externs. Per a m\u00e9s detalls sobre les Cookies de xarxes socials o les de llocs web no relacionats, li recomanem que revisi les seves pr\u00f2pies pol\u00edtiques de cookies.  <\/p><p><strong>Cookies utilitzades de tercers:<\/strong><\/p><p>_ga, __utma, __utmb, __utmc, __utmz, __utmv: Cookies associades a Google Analytics.<\/p><p>Permeten distingir els diferents usuaris de la web. Caducan als dos anys. <\/p><h2>Configurar o deshabilitar cookies:<\/h2><p>Tots els navegadors d&#8217;Internet permeten limitar el comportament d&#8217;una Cookie o desactivar les Cookies dins de la configuraci\u00f3 o les opcions del navegador. Els passos per fer-ho s\u00f3n diferents per a cada navegador, podent-se trobar instruccions al men\u00fa d&#8217;ajuda del seu navegador. En els seg\u00fcents enlla\u00e7os t\u00e9 a la seva disposici\u00f3 tota la informaci\u00f3 per configurar o deshabilitar les Cookies en cada navegador:  <\/p><p><strong>Chrome: <\/strong><a href=\"http:\/\/support.google.com\/chrome\/bin\/answer.py?hl=es&amp;answer=95647\" target=\"_blank\" rel=\"noopener\">http:\/\/support.google.com\/chrome\/bin\/answer.py?hl=ca&amp;answer=95647<\/a><\/p><p><strong>Firefox: <\/strong> <a href=\"http:\/\/support.mozilla.org\/es\/kb\/habilitar-y-deshabilitar-cookies-que-los-sitios-we\" target=\"_blank\" rel=\"noopener\">https:\/\/support.mozilla.org\/ca\/kb\/activa-i-desactiva-les-galetes-que-les-pagines-web <\/a> <\/p><p><strong>Edge<\/strong>: <a href=\"https:\/\/privacy.microsoft.com\/es-es\/windows-10-microsoft-edge-and-privacy\" target=\"_blank\" rel=\"noopener\">https:\/\/privacy.microsoft.com\/es-es\/windows-10-microsoft-edge-and-privacy<\/a><\/p><p><strong>Safari: <\/strong><a href=\"https:\/\/support.apple.com\/kb\/PH21411?locale=es_ES&amp;viewlocale=es_ES\" target=\"_blank\" rel=\"noopener\">https:\/\/support.apple.com\/kb\/PH21411?locale=es_ES&amp;viewlocale=es_ES<\/a><\/p>\t\t\t\t\t\t\t\t<\/div>\n\t\t\t\t\t<\/div>\n\t\t\t\t<\/div>\n\t\t\t\t<\/div>\n\t\t","protected":false},"excerpt":{"rendered":"<p>Pol\u00edtica de Cookies Utilitzem Cookies pr\u00f2pies necess\u00e0ries per a la navegaci\u00f3 i el bon funcionament de la nostra p\u00e0gina web i Cookies de tercers per elaborar estad\u00edstiques del tr\u00e0nsit de la mateixa de forma an\u00f2nima (+ Info) Acceptar Cookies Pol\u00edtica de Cookies: Des de la nostra Web volem explicar-li qu\u00e8 s\u00f3n les Cookies, per a [&hellip;]<\/p>\n","protected":false},"author":1,"featured_media":0,"parent":0,"menu_order":0,"comment_status":"closed","ping_status":"closed","template":"elementor_header_footer","meta":{"_joinchat":[],"footnotes":""},"class_list":["post-1311","page","type-page","status-publish","hentry"],"_links":{"self":[{"href":"https:\/\/toldosduran.es\/ca\/wp-json\/wp\/v2\/pages\/1311","targetHints":{"allow":["GET"]}}],"collection":[{"href":"https:\/\/toldosduran.es\/ca\/wp-json\/wp\/v2\/pages"}],"about":[{"href":"https:\/\/toldosduran.es\/ca\/wp-json\/wp\/v2\/types\/page"}],"author":[{"embeddable":true,"href":"https:\/\/toldosduran.es\/ca\/wp-json\/wp\/v2\/users\/1"}],"replies":[{"embeddable":true,"href":"https:\/\/toldosduran.es\/ca\/wp-json\/wp\/v2\/comments?post=1311"}],"version-history":[{"count":1,"href":"https:\/\/toldosduran.es\/ca\/wp-json\/wp\/v2\/pages\/1311\/revisions"}],"predecessor-version":[{"id":1312,"href":"https:\/\/toldosduran.es\/ca\/wp-json\/wp\/v2\/pages\/1311\/revisions\/1312"}],"wp:attachment":[{"href":"https:\/\/toldosduran.es\/ca\/wp-json\/wp\/v2\/media?parent=1311"}],"curies":[{"name":"wp","href":"https:\/\/api.w.org\/{rel}","templated":true}]}}